{"id":22,"date":"2012-04-17T22:33:45","date_gmt":"2012-04-17T22:33:45","guid":{"rendered":"http:\/\/blogs.lasprovincias.es\/elsindromededarrin\/?page_id=22"},"modified":"2012-04-17T22:33:45","modified_gmt":"2012-04-17T22:33:45","slug":"sindrome","status":"publish","type":"page","link":"https:\/\/blogs.lasprovincias.es\/elsindromededarrin\/sindrome\/","title":{"rendered":"\u00bfQui\u00e9n padece el s\u00edndrome?"},"content":{"rendered":"<p>&nbsp;<\/p>\n<h3><a href=\"\/elsindromededarrin\/wp-content\/uploads\/sites\/21\/2012\/04\/darrenstevenses.jpg\"><img loading=\"lazy\" class=\"alignleft size-full wp-image-77\" title=\"darrenstevenses\" src=\"\/elsindromededarrin\/wp-content\/uploads\/sites\/21\/2012\/04\/darrenstevenses.jpg\" alt=\"\" width=\"288\" height=\"205\" \/><\/a>Darrin Stephens era un publicista que se enamor\u00f3 de Samantha, una bella y dulce joven que result\u00f3 ser bruja. Ellos daban vida a las tramas de &#8216;Embrujada&#8217;. S\u00ed, aquella serie en la que la protagonista hac\u00eda trucos moviendo la nariz. El actor Dick York encarn\u00f3 al marido durante seis a\u00f1os. De pronto, un d\u00eda los espectadores encendieron la tele y comprobaron que el aspecto del individuo se hab\u00eda transformado. Ya no ten\u00eda cara de Dick York, sino de Dick Sargent. Fue as\u00ed como surgi\u00f3 el S\u00edndrome de Darrin, una enfermedad que padecen muchas series en las que, sin explicaci\u00f3n alguna, un personaje cambia de repente de int\u00e9rprete. \u00bfO es que alguien ha olvidado la metamorfosis que sufri\u00f3 la t\u00eda deWill Smith?<\/h3>\n<p>&nbsp;<\/p>\n<h3>Este blog sufre el S\u00edndrome de Darrin. Un d\u00eda lo representa un actor con rostro simp\u00e1tico y al siguiente otro con mala leche. Quien escribe aqu\u00ed muta su apariencia seg\u00fan lo que sale por la tele. Porque no es lo mismo ver a Don Draper recorriendo Madison Avenue que a cinco muchachos buscando novia en compa\u00f1\u00eda de sus madres. No se te queda la misma cara. Eso es as\u00ed.<\/h3>\n<p>&nbsp;<\/p>\n<p>&nbsp;<\/p>\n<p>&nbsp;<\/p>\n<p>&nbsp;<\/p>\n<!-- AddThis Advanced Settings generic via filter on the_content --><!-- AddThis Share Buttons generic via filter on the_content -->","protected":false},"excerpt":{"rendered":"<p>&nbsp; Darrin Stephens era un publicista que se enamor\u00f3 de Samantha, una bella y dulce joven que result\u00f3 ser bruja. Ellos daban vida a las tramas de &#8216;Embrujada&#8217;. S\u00ed, aquella serie en la que la protagonista hac\u00eda trucos moviendo la nariz. El actor Dick York encarn\u00f3 al marido durante seis a\u00f1os. De pronto, un d\u00eda [&hellip;]<!-- AddThis Advanced Settings generic via filter on get_the_excerpt --><!-- AddThis Share Buttons generic via filter on get_the_excerpt --><\/p>\n","protected":false},"author":29,"featured_media":0,"parent":0,"menu_order":0,"comment_status":"open","ping_status":"closed","template":"","meta":[],"_links":{"self":[{"href":"https:\/\/blogs.lasprovincias.es\/elsindromededarrin\/wp-json\/wp\/v2\/pages\/22"}],"collection":[{"href":"https:\/\/blogs.lasprovincias.es\/elsindromededarrin\/wp-json\/wp\/v2\/pages"}],"about":[{"href":"https:\/\/blogs.lasprovincias.es\/elsindromededarrin\/wp-json\/wp\/v2\/types\/page"}],"author":[{"embeddable":true,"href":"https:\/\/blogs.lasprovincias.es\/elsindromededarrin\/wp-json\/wp\/v2\/users\/29"}],"replies":[{"embeddable":true,"href":"https:\/\/blogs.lasprovincias.es\/elsindromededarrin\/wp-json\/wp\/v2\/comments?post=22"}],"version-history":[{"count":0,"href":"https:\/\/blogs.lasprovincias.es\/elsindromededarrin\/wp-json\/wp\/v2\/pages\/22\/revisions"}],"wp:attachment":[{"href":"https:\/\/blogs.lasprovincias.es\/elsindromededarrin\/wp-json\/wp\/v2\/media?parent=22"}],"curies":[{"name":"wp","href":"https:\/\/api.w.org\/{rel}","templated":true}]}}