{"id":3864,"date":"2015-03-03T20:13:36","date_gmt":"2015-03-03T18:13:36","guid":{"rendered":"http:\/\/blogs.lasprovincias.es\/historiascondelantal\/?page_id=3864"},"modified":"2015-03-03T20:13:36","modified_gmt":"2015-03-03T18:13:36","slug":"mr-cooking-confidentials","status":"publish","type":"page","link":"https:\/\/blogs.lasprovincias.es\/historiascondelantal\/mr-cooking-confidentials\/","title":{"rendered":"MR.COOKING CONFIDENTIALS"},"content":{"rendered":"<address style=\"text-align: right;\"><span style=\"color: #808080;\"><strong><em>Secretos y chascarrillos de un esp\u00eda en el Pa\u00eds de las Gastrosof\u00edas \u00a0<\/em><\/strong><\/span><\/address>\n<address style=\"text-align: right;\"><span style=\"color: #ff6600;\">#MrCookingConfidential \u00a0<\/span><\/address>\n<address style=\"text-align: right;\">\u00a0<\/address>\n<p style=\"text-align: right;\">\u00a0\u00a0<strong><a href=\"https:\/\/twitter.com\/JesusTrelis\" data-show-count=\"false\" data-lang=\"es\" rel=\"external nofollow\">Seguir a m\u00edster Cooking:\u00a0@JesusTrelis<\/a>\u00a0\u00a0<\/strong><\/p>\n<p>&nbsp;<\/p>\n<p><span style=\"text-decoration: underline; font-size: x-large;\"><strong><span style=\"color: #888888; text-decoration: underline;\">ABRIL<\/span><\/strong><\/span><\/p>\n<p><em><span style=\"color: #ff0000;\"><strong>TRES VINOS CON HISTORIA DE DOMINIO DE LA VEGA\u00a0<\/strong><\/span><\/em><\/p>\n<p><strong><span style=\"color: #ff9900;\">Bobal en Calma, Paraje Tornel y Recu\u00e9rdame<\/span>. <\/strong>Tras estos nombres tan sugerentes se esconden los tres nuevo vinos que acaba de presentar <strong>Bodegas Dominio de la Vega.<\/strong> Tres vinos que, asegura la bodega de Requena, esconden una fuerte personalidad cada uno de ellos. &#8220;Los dos primeros han sido elaborados a partir de la variedad Bobal, aut\u00f3ctona de la DOP Utiel-Requena, por lo que el amor al terru\u00f1o y lo aut\u00f3ctono son dos de las caracter\u00edsticas otorgadas a estos dos vinos. Y Recu\u00e9rdame es un blanco que combina las variedades S<em>auvignon Blanc, Chardonnay y Macabeo, <\/em>dando como resultado un vino frutal, con intensas notas tropicales en nariz, y con una destacada frescura en boca&#8221;, mantienen. Eso est\u00e1 muy bien&#8230; pero \u00bfsabes qu\u00e9 es lo importante? Que los vinos valencianos, en este caso de la mano de Bodegas Dominio de la Vega, sigan apostando por hacerse hueco en un mercado tan exigente y tremendamente competitivo. Y que lo hagan con \u00e9xito. Habr\u00e1 que catar que hay detr\u00e1s de cada una de esas botellas, de cada una de esas historias. Calma, Paraje Tronel&#8230; Recu\u00e9rdame. Historias que saben a vino. Historias con vida. Te contar\u00e9&#8230; \ud83d\ude42<\/p>\n<div id=\"attachment_4173\" style=\"width: 388px\" class=\"wp-caption alignnone\"><a href=\"\/historiascondelantal\/wp-content\/uploads\/sites\/18\/2015\/03\/Bodega_DominiodelaVega.jpg\"><img aria-describedby=\"caption-attachment-4173\" loading=\"lazy\" class=\" wp-image-4173   \" title=\"Bodega_DominiodelaVega\" src=\"\/historiascondelantal\/wp-content\/uploads\/sites\/18\/2015\/03\/Bodega_DominiodelaVega.jpg\" alt=\"\" width=\"378\" height=\"568\" srcset=\"https:\/\/static-blogs.lasprovincias.es\/wp-content\/uploads\/sites\/18\/2015\/03\/Bodega_DominiodelaVega.jpg 1500w, https:\/\/static-blogs.lasprovincias.es\/wp-content\/uploads\/sites\/18\/2015\/03\/Bodega_DominiodelaVega-200x300.jpg 200w, https:\/\/static-blogs.lasprovincias.es\/wp-content\/uploads\/sites\/18\/2015\/03\/Bodega_DominiodelaVega-768x1154.jpg 768w, https:\/\/static-blogs.lasprovincias.es\/wp-content\/uploads\/sites\/18\/2015\/03\/Bodega_DominiodelaVega-681x1024.jpg 681w\" sizes=\"(max-width: 378px) 100vw, 378px\" \/><\/a><p id=\"caption-attachment-4173\" class=\"wp-caption-text\">Foto cortes\u00eda de Bodegas Dominio de la Vega<\/p><\/div>\n<p><strong style=\"color: #c0c0c0;\"><em>(21. Abril. 2015)<\/em><\/strong><\/p>\n<p>&nbsp;<\/p>\n<p>&nbsp;<\/p>\n<p><span style=\"font-size: x-large;\"><strong><span style=\"text-decoration: underline;\"><span style=\"color: #888888; text-decoration: underline;\">MARZO<\/span><\/span><\/strong><\/span><\/p>\n<p><em style=\"color: #ff0000; font-size: medium;\"><strong>RA\u00daL RESINO, A POR EL COCINERO DEL A\u00d1O<\/strong><\/em><\/p>\n<p>En su perfil se presenta como cocinero de raza y en su curriculum destaca de manera contundente que lleva ya 22 a\u00f1os detr\u00e1s de los fogones. \u00a0Ra\u00fal Resino, cocinero \u00a0y propietario del <strong>Restaurante Ra\u00fal Resino en Benicarl\u00f3<\/strong> se ha convertido en finalista de \u00a0del concurso para profesionales <strong>Cocinero del A\u00f1o 2015-2016.<\/strong>\u00a0La final se celebrar\u00e1 dentro de un a\u00f1o en Barcelona, entre el 25 y 28 de abril. El men\u00fa con el que cautiv\u00f3 al p\u00fablico avala su \u00e9xito: &#8220;Ostra crionizada en cava y lima con pur\u00e9 de mango;\u00a0 Lubina en AOVE con aromas del Mediterr\u00e1neo, sobre pur\u00e9 de ra\u00edz de perejil y vegetales, y naranja de chocolate blanco ca\u00edda del \u00e1rbol&#8221;. (\u00a1Qui\u00e9n lo probara!)<\/p>\n<div id=\"attachment_4058\" style=\"width: 526px\" class=\"wp-caption alignnone\"><a href=\"\/historiascondelantal\/wp-content\/uploads\/sites\/18\/2015\/03\/11071756_944312345601253_1209131506915183336_o.jpg\"><img aria-describedby=\"caption-attachment-4058\" loading=\"lazy\" class=\" wp-image-4058   \" title=\"11071756_944312345601253_1209131506915183336_o\" src=\"\/historiascondelantal\/wp-content\/uploads\/sites\/18\/2015\/03\/11071756_944312345601253_1209131506915183336_o.jpg\" alt=\"\" width=\"516\" height=\"343\" srcset=\"https:\/\/static-blogs.lasprovincias.es\/wp-content\/uploads\/sites\/18\/2015\/03\/11071756_944312345601253_1209131506915183336_o.jpg 2048w, https:\/\/static-blogs.lasprovincias.es\/wp-content\/uploads\/sites\/18\/2015\/03\/11071756_944312345601253_1209131506915183336_o-300x200.jpg 300w, https:\/\/static-blogs.lasprovincias.es\/wp-content\/uploads\/sites\/18\/2015\/03\/11071756_944312345601253_1209131506915183336_o-768x511.jpg 768w, https:\/\/static-blogs.lasprovincias.es\/wp-content\/uploads\/sites\/18\/2015\/03\/11071756_944312345601253_1209131506915183336_o-1024x681.jpg 1024w\" sizes=\"(max-width: 516px) 100vw, 516px\" \/><\/a><p id=\"caption-attachment-4058\" class=\"wp-caption-text\">Imagen de la Lubina exitosa. Foto propiedad de Ra\u00fal Resino<\/p><\/div>\n<p>Nada m\u00e1s pasar a la final, Ra\u00fal agradeci\u00f3 a su compa\u00f1ero de 20 a\u00f1os<strong>\u00a0\u00c1lvaro Castill\u00f3n<\/strong> su apoyo durante el concurso. &#8220;Sin \u00e9l esto no hubiese sido posible&#8221;. En esos detalles se ve la grandeza de la gente, \u00bfverdad? Ahora, el cocinero de Benicarl\u00f3 y los suyos est\u00e1n bien felices de logro conseguido y de las muchas felicitaciones que van recibiendo. De hecho, empezaron semana celebr\u00e1ndolo ni m\u00e1s ni menos que en el restaurante de<strong> Bego\u00f1a Rodrigo<\/strong>, La Salita. Muchos \u00e9xitos\u00a0 \ud83d\ude06<\/p>\n<div id=\"attachment_4059\" style=\"width: 471px\" class=\"wp-caption alignnone\"><a href=\"\/historiascondelantal\/wp-content\/uploads\/sites\/18\/2015\/03\/resino.jpg\"><img aria-describedby=\"caption-attachment-4059\" loading=\"lazy\" class=\" wp-image-4059  \" title=\"resino\" src=\"\/historiascondelantal\/wp-content\/uploads\/sites\/18\/2015\/03\/resino.jpg\" alt=\"\" width=\"461\" height=\"346\" srcset=\"https:\/\/static-blogs.lasprovincias.es\/wp-content\/uploads\/sites\/18\/2015\/03\/resino.jpg 960w, https:\/\/static-blogs.lasprovincias.es\/wp-content\/uploads\/sites\/18\/2015\/03\/resino-300x225.jpg 300w, https:\/\/static-blogs.lasprovincias.es\/wp-content\/uploads\/sites\/18\/2015\/03\/resino-768x576.jpg 768w\" sizes=\"(max-width: 461px) 100vw, 461px\" \/><\/a><p id=\"caption-attachment-4059\" class=\"wp-caption-text\">Imagen propiedad de Ra\u00fal Resino.<\/p><\/div>\n<p><span style=\"color: #999999;\"><em>(31. Marzo. 2015)<\/em><\/span><\/p>\n<p>&nbsp;<\/p>\n<p><strong><span style=\"font-size: medium; color: #ff0000;\"><em>QUIQUE DACOSTA LANZA &#8216;3&#8217;\u00a0<\/em><\/span><\/strong><\/p>\n<p><strong>Quique Dacosta saca un tres.<\/strong> En verdad deber\u00eda decir que Quique ha lanzado su libro \u20183\u2019 , que el pasado fin de semana ya pod\u00eda verse en muchos establecimientos (49.90 euros). Ese el t\u00edtulo de la obra que (ya adelantamos como buen esp\u00eda que ser\u00eda este marzo) es como un diario de sus vivencias alrededor de las obtenci\u00f3n de sus tres estrellas Michelin. En una entrevista con Pilar Salas en Efe reconoc\u00eda que si la tercera estrella \u00abhoy no hab\u00eda restaurante\u00bb. Bendita sea, pues.<\/p>\n<div id=\"attachment_4056\" style=\"width: 522px\" class=\"wp-caption alignnone\"><a href=\"\/historiascondelantal\/wp-content\/uploads\/sites\/18\/2015\/03\/11074439_784536594968558_5140576549370997686_n.jpg\"><img aria-describedby=\"caption-attachment-4056\" loading=\"lazy\" class=\" wp-image-4056 \" title=\"11074439_784536594968558_5140576549370997686_n\" src=\"\/historiascondelantal\/wp-content\/uploads\/sites\/18\/2015\/03\/11074439_784536594968558_5140576549370997686_n.jpg\" alt=\"\" width=\"512\" height=\"512\" srcset=\"https:\/\/static-blogs.lasprovincias.es\/wp-content\/uploads\/sites\/18\/2015\/03\/11074439_784536594968558_5140576549370997686_n.jpg 640w, https:\/\/static-blogs.lasprovincias.es\/wp-content\/uploads\/sites\/18\/2015\/03\/11074439_784536594968558_5140576549370997686_n-150x150.jpg 150w, https:\/\/static-blogs.lasprovincias.es\/wp-content\/uploads\/sites\/18\/2015\/03\/11074439_784536594968558_5140576549370997686_n-300x300.jpg 300w\" sizes=\"(max-width: 512px) 100vw, 512px\" \/><\/a><p id=\"caption-attachment-4056\" class=\"wp-caption-text\">Foto Quique Dacosta<\/p><\/div>\n<p>Una de las nuevas que nos ha tra\u00eddo el lanzamiento de su libro es desvelar el nombre con el que ha sido bautizado su men\u00fa de este a\u00f1o y que recibir\u00e1 el impulso definitivo el mes este mes de abril. <span style=\"color: #ff6600;\"><strong>&#8220;Estados de \u00e1nimo&#8221;<\/strong><\/span>. (Lo adelant\u00f3 Pilar Salas la pasada semana en Efe). Y es verdad que cada uno e sus platos, cada una de sus propuestas es un viaje al instante que vive el chef afincado en D\u00e9nia. Basta dar una mirada a algunos de los platos que ya hemos podido degustar, en el que no faltan cenizas, c\u00edtricos, vidas&#8230; Precisamente, hablando de c\u00edtricos, a trav\u00e9s de nuestro fesol-sat\u00e9lite he descubierto uno de sus nuevos platos (y que todav\u00eda est\u00e1 por probar):\u00a0<strong>Pez espada y c\u00edtricos.<\/strong>\u00a0Tiene una pinta espectacular. Y una presentaci\u00f3n que lo es todo. \u00a0\u00a1Este se\u00f1or y los suyos son puro genio e ingenio!<\/p>\n<p><span style=\"color: #999999;\"><em>(30. Marzo. 2015)<\/em><\/span><\/p>\n<p>&nbsp;<\/p>\n<p><span style=\"font-size: medium;\"><em><span style=\"color: #ff0000;\"><strong>NAZARIO CANO FICHA POR EL HOTEL RODAT DE X\u00c0BIA<\/strong><\/span><\/em><\/span><\/p>\n<p>El chef \u00a0Nazario Cano ya ha desvelado cu\u00e1l va a ser su futuro tras el cierre del restaurante La Embajada. <strong>El cocinero empieza hoy mismo una nueva aventura culinaria en el \u00a0Hotel El Rodat<\/strong> de X\u00e0bia. \u00abEstamos muy felices, es como volver a empezar y, adem\u00e1s, en un sitio fant\u00e1stico\u00bb, asegur\u00f3 Nazario. \u00abDe momento comenzamos sirviendo el men\u00fa degustaci\u00f3n\u00bb, adelant\u00f3. El chef alicantino se mostr\u00f3 agradecido por la acogida que hab\u00eda tenido durante los meses que ha estado al frente de la cocina de La Embajada y destac\u00f3 que su marcha se debe exclusivamente al cierre del c\u00e9ntrico restaurante de Valencia \u00abpor un tema administrativo, quiero dejarlo claro y recalcarlo\u00bb. <strong>Ayer mismo, por la tarde, Nazario visitaba la lonja de X\u00e0bia que se va a convertir a partir de ahora en uno de sus principales proveedores.<\/strong> \u00abVa ser una cocina con mucho producto local\u00bb, remarc\u00f3. Fue una clara declaraci\u00f3n de intenciones. Nazario vuelve a los fogones para ofrecer a sus nuevos clientes y a los de siempre un gastronom\u00eda en la que la imaginaci\u00f3n y el ingenio se al\u00edan con la m\u00e1s pura tradici\u00f3n. Platos basados en la vieja escuela pero con el sello del chef alicantino. Una nueva andadura, un paso m\u00e1s, en una trayectoria trepidante que inici\u00f3 cuando con tan s\u00f3lo nueve a\u00f1os empez\u00f3 a tontear \u00a0en los fogones de \u2018La Goleta\u2019. A los 13 ya trabajaba en un estrella Michelin, El Delf\u00edn y, a partir de ah\u00ed, empez\u00f3 tres d\u00e9cadas de crecimiento como cocinero marcadas por el trabajo, los viajes, las ganas de aprender y la constante investigaci\u00f3n. Un largo camino que le llevan al momento actual. &#8220;Me quedo a mitad camino, entre Valencia y Alicante; va a ser fant\u00e1stico&#8221;, destac\u00f3.<\/p>\n<p><strong>M\u00e1s sobre el chef alicantino en:<\/strong> <span style=\"color: #ff5151;\"><a href=\"https:\/\/blogs.lasprovincias.es\/historiascondelantal\/2014\/12\/06\/nazario-cano-un-guerrillero-en-la-cocina\/\" target=\"_blank\"><span style=\"color: #ff5151;\">Nazario Cano, un guerrillero en la cocina<\/span><\/a>.<\/span><\/p>\n<div id=\"attachment_3866\" style=\"width: 515px\" class=\"wp-caption alignnone\"><a href=\"\/historiascondelantal\/wp-content\/uploads\/sites\/18\/2015\/03\/LF2I0931.jpg\"><img aria-describedby=\"caption-attachment-3866\" loading=\"lazy\" class=\" wp-image-3866     \" title=\"DOCU_LP\" src=\"\/historiascondelantal\/wp-content\/uploads\/sites\/18\/2015\/03\/LF2I0931.jpg\" alt=\"\" width=\"505\" height=\"333\" srcset=\"https:\/\/static-blogs.lasprovincias.es\/wp-content\/uploads\/sites\/18\/2015\/03\/LF2I0931.jpg 4090w, https:\/\/static-blogs.lasprovincias.es\/wp-content\/uploads\/sites\/18\/2015\/03\/LF2I0931-300x198.jpg 300w, https:\/\/static-blogs.lasprovincias.es\/wp-content\/uploads\/sites\/18\/2015\/03\/LF2I0931-768x507.jpg 768w, https:\/\/static-blogs.lasprovincias.es\/wp-content\/uploads\/sites\/18\/2015\/03\/LF2I0931-1024x676.jpg 1024w\" sizes=\"(max-width: 505px) 100vw, 505px\" \/><\/a><p id=\"caption-attachment-3866\" class=\"wp-caption-text\">Nazario Cano. Foto Dami\u00e1n Torres<\/p><\/div>\n<p>&nbsp;<\/p>\n<!-- AddThis Advanced Settings generic via filter on the_content --><!-- AddThis Share Buttons generic via filter on the_content -->","protected":false},"excerpt":{"rendered":"<p>Secretos y chascarrillos de un esp\u00eda en el Pa\u00eds de las Gastrosof\u00edas \u00a0 #MrCookingConfidential \u00a0 \u00a0 \u00a0\u00a0Seguir a m\u00edster Cooking:\u00a0@JesusTrelis\u00a0\u00a0 &nbsp; ABRIL TRES VINOS CON HISTORIA DE DOMINIO DE LA VEGA\u00a0 Bobal en Calma, Paraje Tornel y Recu\u00e9rdame. Tras estos nombres tan sugerentes se esconden los tres nuevo vinos que acaba de presentar Bodegas Dominio [&hellip;]<!-- AddThis Advanced Settings generic via filter on get_the_excerpt --><!-- AddThis Share Buttons generic via filter on get_the_excerpt --><\/p>\n","protected":false},"author":23,"featured_media":0,"parent":0,"menu_order":0,"comment_status":"open","ping_status":"open","template":"","meta":[],"_links":{"self":[{"href":"https:\/\/blogs.lasprovincias.es\/historiascondelantal\/wp-json\/wp\/v2\/pages\/3864"}],"collection":[{"href":"https:\/\/blogs.lasprovincias.es\/historiascondelantal\/wp-json\/wp\/v2\/pages"}],"about":[{"href":"https:\/\/blogs.lasprovincias.es\/historiascondelantal\/wp-json\/wp\/v2\/types\/page"}],"author":[{"embeddable":true,"href":"https:\/\/blogs.lasprovincias.es\/historiascondelantal\/wp-json\/wp\/v2\/users\/23"}],"replies":[{"embeddable":true,"href":"https:\/\/blogs.lasprovincias.es\/historiascondelantal\/wp-json\/wp\/v2\/comments?post=3864"}],"version-history":[{"count":0,"href":"https:\/\/blogs.lasprovincias.es\/historiascondelantal\/wp-json\/wp\/v2\/pages\/3864\/revisions"}],"wp:attachment":[{"href":"https:\/\/blogs.lasprovincias.es\/historiascondelantal\/wp-json\/wp\/v2\/media?parent=3864"}],"curies":[{"name":"wp","href":"https:\/\/api.w.org\/{rel}","templated":true}]}}