{"id":93,"date":"2012-01-31T10:44:44","date_gmt":"2012-01-31T10:44:44","guid":{"rendered":"http:\/\/blogs.lasprovincias.es\/historiascondelantal\/?page_id=2"},"modified":"2012-01-31T10:44:44","modified_gmt":"2012-01-31T10:44:44","slug":"pagina-ejemplo","status":"publish","type":"page","link":"https:\/\/blogs.lasprovincias.es\/historiascondelantal\/pagina-ejemplo\/","title":{"rendered":"\u00bfDe qu\u00e9 voy?"},"content":{"rendered":"<p>Hola amig@:<br \/>\nTe escribo desde <strong>El Pa\u00eds de las Gastrosof\u00edas<\/strong>. S\u00ed, ya s\u00e9 que te sonar\u00e1 algo raro, pero es as\u00ed.\u00a0\u00a0Se\u00a0trata de un lugar\u00a0donde a veces huele a pollo asado, a veces a palomitas de ma\u00edz. Un lugar situado sobre\u00a0un inmenso mantel en el\u00a0que en un mismo d\u00eda puedes desayunarte con una tertulia sobre la crisis mundial con un besugo de grandes dimensiones, tomar el t\u00e9 con el mism\u00edsimo Ferr\u00e1n Adri\u00e0 y marcharte a dormir con una botella del mejor\u00a0cava mientras\u00a0un pu\u00f1ado de cerezas del Jerte te cantan al o\u00eddo <em>Miss Robinson<\/em>.<br \/>\nSoy un contador de historias que se oculta bajo la piel de un superagente llamado Cooking -mister Cooking-, un tipo m\u00e1s bien torpe ante el fog\u00f3n pero con buena intenci\u00f3n al que, como a ti, me gusta eso del buen comer y el equilibrio del intentar hacer. Un emplatador de palabras que vive esto de la cocina como un desahogo que me tomo con pasi\u00f3n y que vengo para contarte <span style=\"font-size: large;\"><strong>Historias con Delantal<\/strong><\/span>, sin ning\u00fan tipo de pretensiones. Mas bien al contrario. Estoy ante ti para aprender, para descubrir genios ocultos y compartir fracasos sonoros ante sartenes diab\u00f3licas, para contar cuentos con patatas, para hacer recetas al tum tum y para confesarte locuras culinarias de ir por casa. <strong>Y perdonen los que saben. En el Pa\u00eds de las Gastrosof\u00edas somos as\u00ed. <\/strong>Todo sea por airear nuestra querida gastronom\u00eda&#8230;<\/p>\n<p>&nbsp;<\/p>\n<div id=\"attachment_11\" style=\"width: 316px\" class=\"wp-caption aligncenter\"><a href=\"\/historiascondelantal\/wp-content\/uploads\/sites\/18\/2012\/01\/gastrosofias1.jpg\"><img aria-describedby=\"caption-attachment-11\" loading=\"lazy\" class=\"size-medium wp-image-11  \" title=\"gastrosofias\" src=\"\/historiascondelantal\/wp-content\/uploads\/sites\/18\/2012\/01\/gastrosofias1-225x300.jpg\" alt=\"\" width=\"306\" height=\"353\" \/><\/a><p id=\"caption-attachment-11\" class=\"wp-caption-text\">En el Pa\u00eds de las Gastrosof\u00edas. IGNACIO TRELIS<\/p><\/div>\n<p>Y si quieres m\u00e1s sobre m\u00ed:<br \/>\nMi correo: <a href=\"mailto:jtrelis@lasprovincias.es\">jtrelis@lasprovincias.es<\/a><br \/>\nMi twitter: @JesusTrelis<\/p>\n<p>Adem\u00e1s soy redactor jefe de Valencia en <em>LAS PROVINCIAS<\/em> y los s\u00e1bados escribo una columna-relato en el peri\u00f3dico que me dio por llamar <em>EL COMECOCOS<\/em>.<\/p>\n<!-- AddThis Advanced Settings generic via filter on the_content --><!-- AddThis Share Buttons generic via filter on the_content -->","protected":false},"excerpt":{"rendered":"<p>Hola amig@: Te escribo desde El Pa\u00eds de las Gastrosof\u00edas. S\u00ed, ya s\u00e9 que te sonar\u00e1 algo raro, pero es as\u00ed.\u00a0\u00a0Se\u00a0trata de un lugar\u00a0donde a veces huele a pollo asado, a veces a palomitas de ma\u00edz. Un lugar situado sobre\u00a0un inmenso mantel en el\u00a0que en un mismo d\u00eda puedes desayunarte con una tertulia sobre la [&hellip;]<!-- AddThis Advanced Settings generic via filter on get_the_excerpt --><!-- AddThis Share Buttons generic via filter on get_the_excerpt --><\/p>\n","protected":false},"author":23,"featured_media":0,"parent":0,"menu_order":0,"comment_status":"open","ping_status":"closed","template":"","meta":[],"_links":{"self":[{"href":"https:\/\/blogs.lasprovincias.es\/historiascondelantal\/wp-json\/wp\/v2\/pages\/93"}],"collection":[{"href":"https:\/\/blogs.lasprovincias.es\/historiascondelantal\/wp-json\/wp\/v2\/pages"}],"about":[{"href":"https:\/\/blogs.lasprovincias.es\/historiascondelantal\/wp-json\/wp\/v2\/types\/page"}],"author":[{"embeddable":true,"href":"https:\/\/blogs.lasprovincias.es\/historiascondelantal\/wp-json\/wp\/v2\/users\/23"}],"replies":[{"embeddable":true,"href":"https:\/\/blogs.lasprovincias.es\/historiascondelantal\/wp-json\/wp\/v2\/comments?post=93"}],"version-history":[{"count":0,"href":"https:\/\/blogs.lasprovincias.es\/historiascondelantal\/wp-json\/wp\/v2\/pages\/93\/revisions"}],"wp:attachment":[{"href":"https:\/\/blogs.lasprovincias.es\/historiascondelantal\/wp-json\/wp\/v2\/media?parent=93"}],"curies":[{"name":"wp","href":"https:\/\/api.w.org\/{rel}","templated":true}]}}