{"id":6,"date":"2010-02-01T11:36:53","date_gmt":"2010-02-01T11:36:53","guid":{"rendered":"http:\/\/blogs.lasprovincias.es\/javiermartinez\/informacion\/"},"modified":"2010-02-01T11:36:53","modified_gmt":"2010-02-01T11:36:53","slug":"informacion","status":"publish","type":"page","link":"https:\/\/blogs.lasprovincias.es\/javiermartinez\/informacion\/","title":{"rendered":"Informaci\u00f3n"},"content":{"rendered":"<p>Esto es un ejemplo de p\u00e1gina de WordPress, puedes editarla para mostrar informaci\u00f3n acerca de ti o tu sitio; as\u00ed, los lectores sabr\u00e1n a qu\u00e9 atenerse. Puedes crear tantas p\u00e1ginas o subp\u00e1ginas cuantas quieras y organizar su contenido dentro de WordPress.<\/p>\n<!-- AddThis Advanced Settings generic via filter on the_content --><!-- AddThis Share Buttons generic via filter on the_content -->","protected":false},"excerpt":{"rendered":"<p>Esto es un ejemplo de p\u00e1gina de WordPress, puedes editarla para mostrar informaci\u00f3n acerca de ti o tu sitio; as\u00ed, los lectores sabr\u00e1n a qu\u00e9 atenerse. Puedes crear tantas p\u00e1ginas o subp\u00e1ginas cuantas quieras y organizar su contenido dentro de WordPress.<!-- AddThis Advanced Settings generic via filter on get_the_excerpt --><!-- AddThis Share Buttons generic via filter on get_the_excerpt --><\/p>\n","protected":false},"author":12,"featured_media":0,"parent":0,"menu_order":0,"comment_status":"open","ping_status":"closed","template":"","meta":[],"_links":{"self":[{"href":"https:\/\/blogs.lasprovincias.es\/javiermartinez\/wp-json\/wp\/v2\/pages\/6"}],"collection":[{"href":"https:\/\/blogs.lasprovincias.es\/javiermartinez\/wp-json\/wp\/v2\/pages"}],"about":[{"href":"https:\/\/blogs.lasprovincias.es\/javiermartinez\/wp-json\/wp\/v2\/types\/page"}],"author":[{"embeddable":true,"href":"https:\/\/blogs.lasprovincias.es\/javiermartinez\/wp-json\/wp\/v2\/users\/12"}],"replies":[{"embeddable":true,"href":"https:\/\/blogs.lasprovincias.es\/javiermartinez\/wp-json\/wp\/v2\/comments?post=6"}],"version-history":[{"count":0,"href":"https:\/\/blogs.lasprovincias.es\/javiermartinez\/wp-json\/wp\/v2\/pages\/6\/revisions"}],"wp:attachment":[{"href":"https:\/\/blogs.lasprovincias.es\/javiermartinez\/wp-json\/wp\/v2\/media?parent=6"}],"curies":[{"name":"wp","href":"https:\/\/api.w.org\/{rel}","templated":true}]}}