{"id":19,"date":"2013-01-14T15:08:01","date_gmt":"2013-01-14T15:08:01","guid":{"rendered":"http:\/\/blogs.vocento.com\/sin-fronteras\/?page_id=19"},"modified":"2013-01-14T15:08:01","modified_gmt":"2013-01-14T15:08:01","slug":"miguel-salvatierra","status":"publish","type":"page","link":"https:\/\/blogs.lasprovincias.es\/sin-fronteras\/miguel-salvatierra\/","title":{"rendered":"Miguel Salvatierra"},"content":{"rendered":"<p><a href=\"\/sin-fronteras\/wp-content\/uploads\/sites\/80\/2013\/01\/salvatierra.jpg\"><img loading=\"lazy\" class=\"alignleft size-medium wp-image-21\" title=\"salvatierra\" src=\"\/sin-fronteras\/wp-content\/uploads\/sites\/80\/2013\/01\/salvatierra.jpg\" alt=\"\" width=\"200\" height=\"300\" srcset=\"https:\/\/static-blogs.lasprovincias.es\/wp-content\/uploads\/sites\/80\/2013\/01\/salvatierra.jpg 400w, https:\/\/static-blogs.lasprovincias.es\/wp-content\/uploads\/sites\/80\/2013\/01\/salvatierra-200x300.jpg 200w\" sizes=\"(max-width: 200px) 100vw, 200px\" \/><\/a>Miguel Salvatierra es periodista. Ha desarrollado la mayor parte de sus m\u00e1s de treinta a\u00f1os de trayectoria profesional en la secci\u00f3n de internacional de ABC, donde fue redactor jefe. Como enviado especial ha cubierto informaciones en Europa, \u00c1frica, Iberoam\u00e9rica y Oriente Pr\u00f3ximo. En la actualidad es jefe de opini\u00f3n para los diarios regionales del grupo Vocento.\u00a0 Autor de \u2018El pr\u00f3spero negocio de la pirater\u00eda mar\u00edtima\u2019. Ed. Libros La Catarata\/Casa \u00c1frica.<\/p>\n","protected":false},"excerpt":{"rendered":"<p>Miguel Salvatierra es periodista. Ha desarrollado la mayor parte de sus m\u00e1s de treinta a\u00f1os de trayectoria profesional en la secci\u00f3n de internacional de ABC, donde fue redactor jefe. Como enviado especial ha cubierto informaciones en Europa, \u00c1frica, Iberoam\u00e9rica y Oriente Pr\u00f3ximo. En la actualidad es jefe de opini\u00f3n para los diarios regionales del grupo [&hellip;]<\/p>\n","protected":false},"author":161,"featured_media":0,"parent":0,"menu_order":0,"comment_status":"closed","ping_status":"closed","template":"","meta":[],"_links":{"self":[{"href":"https:\/\/blogs.lasprovincias.es\/sin-fronteras\/wp-json\/wp\/v2\/pages\/19"}],"collection":[{"href":"https:\/\/blogs.lasprovincias.es\/sin-fronteras\/wp-json\/wp\/v2\/pages"}],"about":[{"href":"https:\/\/blogs.lasprovincias.es\/sin-fronteras\/wp-json\/wp\/v2\/types\/page"}],"author":[{"embeddable":true,"href":"https:\/\/blogs.lasprovincias.es\/sin-fronteras\/wp-json\/wp\/v2\/users\/161"}],"replies":[{"embeddable":true,"href":"https:\/\/blogs.lasprovincias.es\/sin-fronteras\/wp-json\/wp\/v2\/comments?post=19"}],"version-history":[{"count":0,"href":"https:\/\/blogs.lasprovincias.es\/sin-fronteras\/wp-json\/wp\/v2\/pages\/19\/revisions"}],"wp:attachment":[{"href":"https:\/\/blogs.lasprovincias.es\/sin-fronteras\/wp-json\/wp\/v2\/media?parent=19"}],"curies":[{"name":"wp","href":"https:\/\/api.w.org\/{rel}","templated":true}]}}