{"id":111,"date":"2014-02-17T15:22:05","date_gmt":"2014-02-17T15:22:05","guid":{"rendered":"http:\/\/blogs.lasprovincias.es\/videojuegos\/?page_id=111"},"modified":"2014-02-17T15:22:05","modified_gmt":"2014-02-17T15:22:05","slug":"silvia-guillen","status":"publish","type":"page","link":"https:\/\/blogs.lasprovincias.es\/videojuegos\/silvia-guillen\/","title":{"rendered":"Silvia Guill\u00e9n"},"content":{"rendered":"<p>Nac\u00ed en 1985 y tuve la suerte de compartir la infancia con mi hermano cinco a\u00f1os mayor que yo. Gracias a \u00e9l, crec\u00ed con Mario, Luigi, Sonic y \u00c1lex Kidd. Hoy, si mi casa arde en llamas, no saldr\u00eda de ella sin mi perra, mi iPad y mis consolas.<\/p>\n<p>Desde 2009 aprendo y trabajo en la p\u00e1gina web del peri\u00f3dico LAS PROVINCIAS. <a href=\"http:\/\/es.linkedin.com\/in\/silviaguillenlopez\" target=\"_blank\" rel=\"external nofollow\">Entre otras cosas<\/a>, escribo este <a title=\"videojuegos\" href=\"https:\/\/blogs.lasprovincias.es\/videojuegos\" target=\"_blank\">blog sobre videojuegos<\/a>, donde a veces resumo algunas noticias relevantes sobre la industria y otras comparto mi opini\u00f3n sobre videojuegos.<\/p>\n<p>Si quieres aportar tus opiniones, utiliza el apartado de comentarios de los posts. Si deseas ponerte en contacto conmigo, b\u00fascame <a href=\"http:\/\/twitter.com\/silvia_guillen_\" target=\"_blank\" rel=\"external nofollow\">aqu\u00ed<\/a>.<\/p>\n<p><script src=\"\/\/platform.linkedin.com\/in.js\" type=\"text\/javascript\"><\/script><br \/>\n<script type=\"IN\/MemberProfile\" data-id=\"http:\/\/www.linkedin.com\/in\/silviaguillenlopez\" data-format=\"inline\"><\/script><br \/>\n&nbsp;<\/p>\n<p style=\"text-align: right;\"><a title=\"Silvia Guill\u00e9n\" href=\"http:\/\/www.silviaguillen.es\" target=\"_blank\" rel=\"external nofollow\">Silvia Guill\u00e9n<\/a><\/p>\n<!-- AddThis Advanced Settings generic via filter on the_content --><!-- AddThis Share Buttons generic via filter on the_content -->","protected":false},"excerpt":{"rendered":"<p>Nac\u00ed en 1985 y tuve la suerte de compartir la infancia con mi hermano cinco a\u00f1os mayor que yo. Gracias a \u00e9l, crec\u00ed con Mario, Luigi, Sonic y \u00c1lex Kidd. Hoy, si mi casa arde en llamas, no saldr\u00eda de ella sin mi perra, mi iPad y mis consolas. Desde 2009 aprendo y trabajo en [&hellip;]<!-- AddThis Advanced Settings generic via filter on get_the_excerpt --><!-- AddThis Share Buttons generic via filter on get_the_excerpt --><\/p>\n","protected":false},"author":4,"featured_media":0,"parent":0,"menu_order":0,"comment_status":"open","ping_status":"open","template":"","meta":[],"_links":{"self":[{"href":"https:\/\/blogs.lasprovincias.es\/videojuegos\/wp-json\/wp\/v2\/pages\/111"}],"collection":[{"href":"https:\/\/blogs.lasprovincias.es\/videojuegos\/wp-json\/wp\/v2\/pages"}],"about":[{"href":"https:\/\/blogs.lasprovincias.es\/videojuegos\/wp-json\/wp\/v2\/types\/page"}],"author":[{"embeddable":true,"href":"https:\/\/blogs.lasprovincias.es\/videojuegos\/wp-json\/wp\/v2\/users\/4"}],"replies":[{"embeddable":true,"href":"https:\/\/blogs.lasprovincias.es\/videojuegos\/wp-json\/wp\/v2\/comments?post=111"}],"version-history":[{"count":0,"href":"https:\/\/blogs.lasprovincias.es\/videojuegos\/wp-json\/wp\/v2\/pages\/111\/revisions"}],"wp:attachment":[{"href":"https:\/\/blogs.lasprovincias.es\/videojuegos\/wp-json\/wp\/v2\/media?parent=111"}],"curies":[{"name":"wp","href":"https:\/\/api.w.org\/{rel}","templated":true}]}}